{"id":3,"date":"2024-06-07T10:46:21","date_gmt":"2024-06-07T08:46:21","guid":{"rendered":"http:\/\/collecte-btp.fr\/?page_id=3"},"modified":"2024-06-20T14:20:47","modified_gmt":"2024-06-20T12:20:47","slug":"politique-de-confidentialite","status":"publish","type":"page","link":"https:\/\/collecte-btp.fr\/?page_id=3","title":{"rendered":"Politique de confidentialit\u00e9"},"content":{"rendered":"\n<h2 class=\"wp-block-heading\">Politique de confidentialit\u00e9<\/h2>\n\n\n\n<p>COLLECTE apporte une attention particuli\u00e8re \u00e0 la protection des donn\u00e9es \u00e0 caract\u00e8re personnel. Il s\u2019agit d\u2019une condition essentielle de la relation de confiance que COLLECTE souhaite \u00e9tablir avec tous ceux qui lui confient leurs donn\u00e9es \u00e0 caract\u00e8re personnel.<br>La pr\u00e9sente politique de confidentialit\u00e9 et de protection des Donn\u00e9es \u00e0 caract\u00e8re personnel (Ci-apr\u00e8s la \u00ab Politique \u00bb) \u00e9nonce les pratiques et les conditions dans lesquelles COLLECTE (Ci-apr\u00e8s la \u00ab Soci\u00e9t\u00e9 \u00bb) traite vos Donn\u00e9es \u00e0 caract\u00e8re personnel.<br>La pr\u00e9sente Politique s\u2019applique lorsque vos Donn\u00e9es sont collect\u00e9es sur les sites internes COLLECTE (Ci-apr\u00e8s \u00ab le Site \u00bb) et \/ ou les applications mobiles COLLECTE (Ci-apr\u00e8s les \u00ab Applications \u00bb) ainsi que dans le cadre de vos relations, de quelque nature qu\u2019elles soient, avec la Soci\u00e9t\u00e9.<br>Les Donn\u00e9es \u00e0 caract\u00e8re personnel (ci-apr\u00e8s les \u00ab Donn\u00e9es \u00bb) sont toute information se rapportant \u00e0 une personne physique identifi\u00e9e ou identifiable ; est r\u00e9put\u00e9e \u00eatre une \u00ab personne physique identifiable \u00bb une personne physique qui peut \u00eatre identifi\u00e9e, directement ou indirectement, notamment par r\u00e9f\u00e9rence \u00e0 un identifiant, tel qu\u2019un nom, un num\u00e9ro d\u2019identification, des donn\u00e9es de localisation, un identifiant en ligne, ou \u00e0 un ou plusieurs \u00e9l\u00e9ments sp\u00e9cifiques propres \u00e0 son identit\u00e9 physique, physiologique, g\u00e9n\u00e9tique, psychique, \u00e9conomique, culturelle ou sociale ; tel que ce terme est d\u00e9fini par la r\u00e9glementation en vigueur.<\/p>\n\n\n\n<h3 class=\"wp-block-heading\">1 \u2013 QUELLES SONT LES DONNEES COLLECTEES ?<\/h3>\n\n\n\n<p>La Soci\u00e9t\u00e9 est susceptible de collecter les Donn\u00e9es suivantes :<\/p>\n\n\n\n<ul class=\"wp-block-list\">\n<li>Donn\u00e9s relatives \u00e0 votre identit\u00e9 : ces Donn\u00e9es d\u00e9signent notamment votre nom, votre pr\u00e9nom,<br>votre adresse \u00e9lectronique, votre adresse postale et votre num\u00e9ro de t\u00e9l\u00e9phone.<\/li>\n\n\n\n<li>Donn\u00e9es relatives \u00e0 la connexion et \u00e0 l\u2019utilisation du Compte lorsque vous en \u00eates titulaire : ces<br>Donn\u00e9es d\u00e9signent l\u2019ensemble des informations dont vous avez besoin pour acc\u00e9der \u00e0 votre<br>espace personnel ainsi que celles relatives \u00e0 l\u2019utilisation du Compte et notamment, vos identifiant<br>et mot de passe, vos choix et pr\u00e9f\u00e9rences.<\/li>\n<\/ul>\n\n\n\n<h3 class=\"wp-block-heading\">2 \u2013 COMMENT VOS DONNEES SONT-ELLES COLLECTEES ?<\/h3>\n\n\n\n<p>2.1. En fonction de la fa\u00e7on dont vous interagissez avec la Soci\u00e9t\u00e9, cette derni\u00e8re est susceptible de collecter vos Donn\u00e9es selon les modalit\u00e9s d\u00e9crites comme suit.<\/p>\n\n\n\n<p>2.2. La soci\u00e9t\u00e9 collecte vos Donn\u00e9es directement aupr\u00e8s de vous.<\/p>\n\n\n\n<p>2.3. Lorsque vous communiquez des Donn\u00e9es \u00e0 la Soci\u00e9t\u00e9, il vous appartient de vous assurer qu\u2019elles sont exactes et compl\u00e8tes. Le cas \u00e9ch\u00e9ant, vous devez les mettre \u00e0 jour.<\/p>\n\n\n\n<p>2.4. Les Donn\u00e9es pr\u00e9sent\u00e9es comme obligatoires sont n\u00e9cessaires \u00e0 la gestion de votre demande et pour nous permettre de vous fournir les services sollicit\u00e9s. Le caract\u00e8re obligatoire ou facultatif des Donn\u00e9es est indiqu\u00e9 sur les formulaires ainsi que les \u00e9ventuelles cons\u00e9quences en cas de d\u00e9faut de r\u00e9ponse.<\/p>\n\n\n\n<h3 class=\"wp-block-heading\">3 \u2013 POURQUOI VOS DONNEES SONT-ELLES COLLECTEES ?<\/h3>\n\n\n\n<p>Vos Donn\u00e9es font l\u2019objet de traitements automatis\u00e9s mis en \u0153uvre par la Soci\u00e9t\u00e9 pour les diverses finalit\u00e9s ci-apr\u00e8s d\u00e9crites dans le cadre de votre utilisation du Site et \/ ou des Applications. Sur la base de votre consentement, la Soci\u00e9t\u00e9 peut vous adresser, par tous canaux, des actualit\u00e9s et informations d\u2019exploitation.<\/p>\n\n\n\n<h3 class=\"wp-block-heading\">4 \u2013 A QUI VOS DONNEES SONT-ELLES DESTINEES ?<\/h3>\n\n\n\n<p>4.1. Vos Donn\u00e9es sont trait\u00e9es par les \u00e9quipes internes de la Soci\u00e9t\u00e9. En outre, seul le personnel limitativement habilit\u00e9 est autoris\u00e9 \u00e0 acc\u00e9der \u00e0 vos Donn\u00e9es dans le strict respect d\u2019obligations notamment de s\u00e9curit\u00e9 et de confidentialit\u00e9.<\/p>\n\n\n\n<p>4.2. Avec votre consentement lorsqu\u2019il est requis, vos Donn\u00e9es sont susceptibles d\u2019\u00eatre transmises aux entit\u00e9s du Groupe auquel la Soci\u00e9t\u00e9 afin qu\u2019ils vous adressent des actualit\u00e9s et informations d\u2019exploitation.<\/p>\n\n\n\n<p>4.3. Lorsque la r\u00e9glementation en vigueur l\u2019exige, la Soci\u00e9t\u00e9 est susceptible de transmettre vos Donn\u00e9es aux organismes et autorit\u00e9s l\u00e9galement autoris\u00e9s \u00e0 y acc\u00e9der.<\/p>\n\n\n\n<h3 class=\"wp-block-heading\">5 \u2013 COMMENT VOS DONNEES SONT-ELLES PROTEGEES ?<\/h3>\n\n\n\n<p>La Soci\u00e9t\u00e9 prend toutes pr\u00e9cautions utiles afin de pr\u00e9server la s\u00e9curit\u00e9 et la confidentialit\u00e9 de vos Donn\u00e9es afin, notamment, d\u2019emp\u00eacher qu\u2019elles soient d\u00e9form\u00e9es, endommag\u00e9es, divulgu\u00e9es et que des tiers non-autoris\u00e9s y aient acc\u00e8s.<\/p>\n\n\n\n<h3 class=\"wp-block-heading\">6 \u2013 QUELS SONT VOS DROITS ?<\/h3>\n\n\n\n<p>6.1. Conform\u00e9ment \u00e0 la r\u00e8glementation applicable et dans les conditions qu\u2019elle d\u00e9finit, vous pouvez \u00e0 tout moment exercer votre :<\/p>\n\n\n\n<ul class=\"wp-block-list\">\n<li>Droit d\u2019acc\u00e8s : vous pouvez demander \u00e0 la Soci\u00e9t\u00e9 des informations sur les traitements dont les Donn\u00e9es vous concernent.<\/li>\n\n\n\n<li>Droit de rectification : vous pouvez demander la rectification des Donn\u00e9es inexactes vous concernant lorsque celles d\u00e9tenues par la Soci\u00e9t\u00e9 sont erron\u00e9es ou incompl\u00e8tes.<\/li>\n\n\n\n<li>Droit \u00e0 l\u2019effacement : vous avez le droit d\u2019obtenir de la Soci\u00e9t\u00e9 l\u2019effacement de vos Donn\u00e9es lorsqu\u2019un des motifs pr\u00e9vus par la r\u00e9glementation existe (inutilit\u00e9 des Donn\u00e9es).<\/li>\n\n\n\n<li>Droit \u00e0 la portabilit\u00e9 de vos Donn\u00e9es : vous avez le droit de recevoir les Donn\u00e9es dans un format exploitable.<\/li>\n\n\n\n<li>Droit \u00e0 la limitation : vous pouvez demander \u00e0 la Soci\u00e9t\u00e9 la suspension du traitement de vos Donn\u00e9es lorsqu\u2019un des motifs pr\u00e9vus par la r\u00e9glementation existe (contestation de l\u2019exactitude des donn\u00e9es, etc.).<\/li>\n<\/ul>\n\n\n\n<p>6.2. Vous pouvez exercer vos droits en contactant la Soci\u00e9t\u00e9 :<\/p>\n\n\n\n<ul class=\"wp-block-list\">\n<li>par voie \u00e9lectronique \u00e0 l\u2019adresse j.chaplain@jan-tp.fr<\/li>\n\n\n\n<li>par voie postale aux coordonn\u00e9es suivantes : JAN TP 4 Rue Delahaye 92130 Issy-les-Moulineaux<\/li>\n<\/ul>\n\n\n\n<h3 class=\"wp-block-heading\">7 \u2013 PENDANT COMBIEN DE TEMPS CONSERVONS NOUS VOS DONNEES ?<\/h3>\n\n\n\n<p>7.1. La Soci\u00e9t\u00e9 conserve vos Donn\u00e9es pendant une dur\u00e9e qui n\u2019exc\u00e8de pas la dur\u00e9e n\u00e9cessaire aux finalit\u00e9s expos\u00e9es par la pr\u00e9sente Politique. Au-del\u00e0, vos Donn\u00e9es sont susceptibles d\u2019\u00eatre archiv\u00e9es pour respecter les obligations l\u00e9gales auxquelles la Soci\u00e9t\u00e9 est soumise ou supprim\u00e9es.<\/p>\n\n\n\n<p>7.2. Les Donn\u00e9es permettant d\u2019\u00e9tablir la preuve d\u2019un droit ou d\u2019un contrat, ou conserv\u00e9es au titre du respect d\u2019une obligation l\u00e9gale par la Soci\u00e9t\u00e9 sont archiv\u00e9es conform\u00e9ment aux dispositions en vigueur.<\/p>\n\n\n\n<h3 class=\"wp-block-heading\">8 \u2013 TRANSFERT DES DONN\u00c9ES<\/h3>\n\n\n\n<p>Pour l\u2019h\u00e9bergement et le traitement de vos Donn\u00e9es, la Soci\u00e9t\u00e9 utilise des moyens situ\u00e9s sur le territoire de l\u2019Union europ\u00e9enne.<\/p>\n\n\n\n<h3 class=\"wp-block-heading\">9 \u2013 COOKIES<\/h3>\n\n\n\n<p>Vous \u00eates inform\u00e9 que, lors de vos visites sur le Site et \/ ou les Applications, un ou plusieurs Cookies peuvent \u00eatre install\u00e9s sur votre terminal.<\/p>\n\n\n\n<p><strong>9.1. Qu\u2019est-ce qu\u2019un Cookie ?<\/strong><br>Au sens de la pr\u00e9sente Politique, le Cookie d\u00e9signe l\u2019ensemble des formes d\u2019acc\u00e8s et d\u2019inscription d\u2019informations sur votre terminal et notamment les informations envoy\u00e9es par les Sites et \/ ou les Applications et stock\u00e9es par votre navigateur sur un espace d\u00e9di\u00e9 du disque dur dudit terminal.<\/p>\n\n\n\n<p><strong>9.2. Pourquoi et comment les Cookies sont-ils utilis\u00e9s ?<\/strong><br>9.2.1. La Soci\u00e9t\u00e9 utilise des Cookies pour :<\/p>\n\n\n\n<ul class=\"wp-block-list\">\n<li>assurer le fonctionnement et optimiser la performance des Sites et \/ ou des Applications,<\/li>\n\n\n\n<li>adapter les Sites et \/ ou les Applications \u00e0 vos pr\u00e9f\u00e9rences. A titre d\u2019exemple, le Site et \/ ou les applications s\u2019adaptent aux pr\u00e9f\u00e9rences d\u2019affichage de votre terminal,<\/li>\n\n\n\n<li>faciliter votre navigation notamment en vous \u00e9vitant d\u2019avoir \u00e0 ressaisir des informations \u00e0 chaque visite sur les Sites et \/ ou les Applications,<\/li>\n\n\n\n<li>r\u00e9aliser la mesure d\u2019audience des Sites et \/ ou des applications et des communications qui vous sont adress\u00e9es,<\/li>\n\n\n\n<li>d\u00e9velopper l\u2019interactivit\u00e9 des Sites et \/ ou des Applications,<\/li>\n<\/ul>\n\n\n\n<p><strong>9.3. Quels sont les types de Cookies utilis\u00e9s ?<\/strong><\/p>\n\n\n\n<p>Les Cookies Techniques ont pour finalit\u00e9 de faciliter la navigation sur le Site et \/ ou les Applications, de permettre et d\u2019am\u00e9liorer le fonctionnement des Sites et \/ ou des Applications ainsi que l\u2019acc\u00e8s aux diff\u00e9rentes fonctionnalit\u00e9s des Sites et \/ ou des Applications.<\/p>\n\n\n\n<p>Vous \u00eates inform\u00e9 que si vous choisissez de d\u00e9sactiver ces Cookies Techniques, l\u2019acc\u00e8s aux services pourrait alors se r\u00e9v\u00e9ler alt\u00e9r\u00e9. Dans ce contexte, la responsabilit\u00e9 de la Soci\u00e9t\u00e9 ne saurait \u00eatre engag\u00e9e \u00e0 aucun titre.<\/p>\n\n\n\n<p><strong>9.4. Quelle est la dur\u00e9e de conservation des Cookies ?<\/strong><\/p>\n\n\n\n<p>Conform\u00e9ment aux principes relatifs \u00e0 la protection des Donn\u00e9es, vous \u00eates inform\u00e9 que les Cookies sont conserv\u00e9s pendant la dur\u00e9e strictement n\u00e9cessaire aux finalit\u00e9s pour lesquelles ils sont utilis\u00e9s et ce, dans les limites d\u00e9finies par l\u2019autorit\u00e9 de protection comp\u00e9tente.<\/p>\n\n\n\n<p><strong>9.5. Comment pouvez-vous g\u00e9rer le d\u00e9p\u00f4t et la lecture des Cookies ?<\/strong><\/p>\n\n\n\n<p>9.5.1. Vous \u00eates inform\u00e9 que vous pouvez modifier les param\u00e8tres de notre navigateur relatifs aux<br>cookies afin de d\u00e9sactiver tout ou une partie des cookies :<\/p>\n\n\n\n<ul class=\"wp-block-list\">\n<li>Pour Internet Explorer\u2122 : ouvrez le menu \u00ab Outils \u00bb, puis s\u00e9lectionnez \u00ab Options internet \u00bb ; cliquez sur l\u2019onglet \u00ab Confidentialit\u00e9 \u00bb puis l\u2019onglet \u00ab Avanc\u00e9 \u00bb choisissez le niveau souhait\u00e9 ou suivez ce lien : <a href=\"https:\/\/windows.microsoft.com\/fr-FR\/windows-vista\/Block-or-allow-cookies\">https:\/\/windows.microsoft.com\/fr-FR\/windows-vista\/Block-or-allow-cookies<\/a><\/li>\n\n\n\n<li>Pour Firefox\u2122 : ouvrez le menu \u00ab Outils \u00bb, puis s\u00e9lectionnez \u00ab Options \u00bb ; cliquez sur l\u2019onglet \u00ab Vie priv\u00e9e \u00bb puis choisissez les options souhait\u00e9es ou suivez ce lien : <a href=\"https:\/\/support.mozilla.org\/fr\/kb\/Activer%20et%20d%C3%A9sactiver%20les%20cookies\">https:\/\/support.mozilla.org\/fr\/kb\/Activer%20et%20d%C3%A9sactiver%20les%20cookies<\/a><\/li>\n\n\n\n<li>Pour Chrome\u2122 : ouvrez le menu de configuration (logo cl\u00e9 \u00e0 molette), puis s\u00e9lectionnez \u00ab Options \u00bb ; cliquez sur \u00ab Options avanc\u00e9es \u00bb puis dans la section \u00ab Confidentialit\u00e9 \u00bb, cliquez sur \u00ab Param\u00e8tres de contenu \u00bb, et choisissez les options souhait\u00e9es ou suivez le lien suivant : <a href=\"https:\/\/support.google.com\/chrome\/bin\/answer.py?hl=fr&amp;hlrm=en&amp;answer=95647\">https:\/\/support.google.com\/chrome\/bin\/answer.py?hl=fr&amp;hlrm=en&amp;answer=95647<\/a><\/li>\n\n\n\n<li>Pour Opera\u2122 : ouvrez le menu \u00ab Outils \u00bb ou \u00ab R\u00e9glages \u00bb, puis s\u00e9lectionnez \u00ab Supprimer les donn\u00e9es priv\u00e9es \u00bb ; cliquez sur l\u2019onglet \u00ab Options d\u00e9taill\u00e9es \u00bb, puis choisissez les options souhait\u00e9es ou suivez ce lien : <a href=\"https:\/\/help.opera.com\/Windows\/10.20\/fr\/cookies.html\">https:\/\/help.opera.com\/Windows\/10.20\/fr\/cookies.html<\/a><\/li>\n<\/ul>\n\n\n\n<h3 class=\"wp-block-heading\">10 \u2013 MODIFICATION DE LA POLITIQUE DE PROTECTION DES DONN\u00c9ES<\/h3>\n\n\n\n<p>10.1. Toute modification par la Soci\u00e9t\u00e9 de la pr\u00e9sente Politique fera l\u2019objet d\u2019une mise \u00e0 jour sur le Site et \/ ou les Applications.<\/p>\n\n\n\n<p>10.2. L\u2019Utilisateur est invit\u00e9 \u00e0 consulter r\u00e9guli\u00e8rement la pr\u00e9sente Politique afin de prendre connaissance de toute mise \u00e0 jour ou modification.<\/p>\n\n\n\n<p>10.3. Si l\u2019une quelconque des clauses de la pr\u00e9sente Politique est d\u00e9clar\u00e9e nulle ou contraire \u00e0 la r\u00e9glementation, elle sera r\u00e9put\u00e9e non \u00e9crite mais n\u2019entra\u00eenera pas la nullit\u00e9 des autres clauses de la Politique.<\/p>\n\n\n\n<h2 class=\"wp-block-heading\"><\/h2>\n","protected":false},"excerpt":{"rendered":"<p>Politique de confidentialit\u00e9 COLLECTE apporte une attention particuli\u00e8re \u00e0 la protection des donn\u00e9es \u00e0 caract\u00e8re personnel. Il s\u2019agit d\u2019une condition essentielle de la relation de confiance que COLLECTE souhaite \u00e9tablir avec tous ceux qui lui confient leurs donn\u00e9es \u00e0 caract\u00e8re personnel.La pr\u00e9sente politique de confidentialit\u00e9 et de protection des Donn\u00e9es \u00e0 caract\u00e8re personnel (Ci-apr\u00e8s la [&hellip;]<\/p>\n","protected":false},"author":1,"featured_media":0,"parent":0,"menu_order":0,"comment_status":"closed","ping_status":"open","template":"","meta":{"_joinchat":[],"footnotes":""},"class_list":["post-3","page","type-page","status-publish","hentry","post"],"yoast_head":"<!-- This site is optimized with the Yoast SEO plugin v26.9 - https:\/\/yoast.com\/product\/yoast-seo-wordpress\/ -->\n<title>Politique de confidentialit\u00e9 - COLLECTE BTP<\/title>\n<meta name=\"robots\" content=\"index, follow, max-snippet:-1, max-image-preview:large, max-video-preview:-1\" \/>\n<link rel=\"canonical\" href=\"https:\/\/collecte-btp.fr\/?page_id=3\" \/>\n<meta property=\"og:locale\" content=\"fr_FR\" \/>\n<meta property=\"og:type\" content=\"article\" \/>\n<meta property=\"og:title\" content=\"Politique de confidentialit\u00e9 - COLLECTE BTP\" \/>\n<meta property=\"og:description\" content=\"Politique de confidentialit\u00e9 COLLECTE apporte une attention particuli\u00e8re \u00e0 la protection des donn\u00e9es \u00e0 caract\u00e8re personnel. Il s\u2019agit d\u2019une condition essentielle de la relation de confiance que COLLECTE souhaite \u00e9tablir avec tous ceux qui lui confient leurs donn\u00e9es \u00e0 caract\u00e8re personnel.La pr\u00e9sente politique de confidentialit\u00e9 et de protection des Donn\u00e9es \u00e0 caract\u00e8re personnel (Ci-apr\u00e8s la [&hellip;]\" \/>\n<meta property=\"og:url\" content=\"https:\/\/collecte-btp.fr\/?page_id=3\" \/>\n<meta property=\"og:site_name\" content=\"COLLECTE BTP\" \/>\n<meta property=\"article:modified_time\" content=\"2024-06-20T12:20:47+00:00\" \/>\n<meta name=\"twitter:card\" content=\"summary_large_image\" \/>\n<meta name=\"twitter:label1\" content=\"Dur\u00e9e de lecture estim\u00e9e\" \/>\n\t<meta name=\"twitter:data1\" content=\"8 minutes\" \/>\n<script type=\"application\/ld+json\" class=\"yoast-schema-graph\">{\"@context\":\"https:\/\/schema.org\",\"@graph\":[{\"@type\":\"WebPage\",\"@id\":\"https:\/\/collecte-btp.fr\/?page_id=3\",\"url\":\"https:\/\/collecte-btp.fr\/?page_id=3\",\"name\":\"Politique de confidentialit\u00e9 - COLLECTE BTP\",\"isPartOf\":{\"@id\":\"https:\/\/collecte-btp.fr\/#website\"},\"datePublished\":\"2024-06-07T08:46:21+00:00\",\"dateModified\":\"2024-06-20T12:20:47+00:00\",\"breadcrumb\":{\"@id\":\"https:\/\/collecte-btp.fr\/?page_id=3#breadcrumb\"},\"inLanguage\":\"fr-FR\",\"potentialAction\":[{\"@type\":\"ReadAction\",\"target\":[\"https:\/\/collecte-btp.fr\/?page_id=3\"]}]},{\"@type\":\"BreadcrumbList\",\"@id\":\"https:\/\/collecte-btp.fr\/?page_id=3#breadcrumb\",\"itemListElement\":[{\"@type\":\"ListItem\",\"position\":1,\"name\":\"Accueil\",\"item\":\"https:\/\/collecte-btp.fr\/\"},{\"@type\":\"ListItem\",\"position\":2,\"name\":\"Politique de confidentialit\u00e9\"}]},{\"@type\":\"WebSite\",\"@id\":\"https:\/\/collecte-btp.fr\/#website\",\"url\":\"https:\/\/collecte-btp.fr\/\",\"name\":\"COLLECTE BTP\",\"description\":\"COLLECTE, plateforme de regroupement et de tri de d\u00e9chets du BTP\",\"publisher\":{\"@id\":\"https:\/\/collecte-btp.fr\/#organization\"},\"potentialAction\":[{\"@type\":\"SearchAction\",\"target\":{\"@type\":\"EntryPoint\",\"urlTemplate\":\"https:\/\/collecte-btp.fr\/?s={search_term_string}\"},\"query-input\":{\"@type\":\"PropertyValueSpecification\",\"valueRequired\":true,\"valueName\":\"search_term_string\"}}],\"inLanguage\":\"fr-FR\"},{\"@type\":\"Organization\",\"@id\":\"https:\/\/collecte-btp.fr\/#organization\",\"name\":\"COLLECTE BTP\",\"url\":\"https:\/\/collecte-btp.fr\/\",\"logo\":{\"@type\":\"ImageObject\",\"inLanguage\":\"fr-FR\",\"@id\":\"https:\/\/collecte-btp.fr\/#\/schema\/logo\/image\/\",\"url\":\"https:\/\/collecte-btp.fr\/wp-content\/uploads\/2024\/06\/cropped-BIG-BAG-1M3-A4-paysage-3-2.png\",\"contentUrl\":\"https:\/\/collecte-btp.fr\/wp-content\/uploads\/2024\/06\/cropped-BIG-BAG-1M3-A4-paysage-3-2.png\",\"width\":1414,\"height\":99,\"caption\":\"COLLECTE BTP\"},\"image\":{\"@id\":\"https:\/\/collecte-btp.fr\/#\/schema\/logo\/image\/\"}}]}<\/script>\n<!-- \/ Yoast SEO plugin. -->","yoast_head_json":{"title":"Politique de confidentialit\u00e9 - COLLECTE BTP","robots":{"index":"index","follow":"follow","max-snippet":"max-snippet:-1","max-image-preview":"max-image-preview:large","max-video-preview":"max-video-preview:-1"},"canonical":"https:\/\/collecte-btp.fr\/?page_id=3","og_locale":"fr_FR","og_type":"article","og_title":"Politique de confidentialit\u00e9 - COLLECTE BTP","og_description":"Politique de confidentialit\u00e9 COLLECTE apporte une attention particuli\u00e8re \u00e0 la protection des donn\u00e9es \u00e0 caract\u00e8re personnel. Il s\u2019agit d\u2019une condition essentielle de la relation de confiance que COLLECTE souhaite \u00e9tablir avec tous ceux qui lui confient leurs donn\u00e9es \u00e0 caract\u00e8re personnel.La pr\u00e9sente politique de confidentialit\u00e9 et de protection des Donn\u00e9es \u00e0 caract\u00e8re personnel (Ci-apr\u00e8s la [&hellip;]","og_url":"https:\/\/collecte-btp.fr\/?page_id=3","og_site_name":"COLLECTE BTP","article_modified_time":"2024-06-20T12:20:47+00:00","twitter_card":"summary_large_image","twitter_misc":{"Dur\u00e9e de lecture estim\u00e9e":"8 minutes"},"schema":{"@context":"https:\/\/schema.org","@graph":[{"@type":"WebPage","@id":"https:\/\/collecte-btp.fr\/?page_id=3","url":"https:\/\/collecte-btp.fr\/?page_id=3","name":"Politique de confidentialit\u00e9 - COLLECTE BTP","isPartOf":{"@id":"https:\/\/collecte-btp.fr\/#website"},"datePublished":"2024-06-07T08:46:21+00:00","dateModified":"2024-06-20T12:20:47+00:00","breadcrumb":{"@id":"https:\/\/collecte-btp.fr\/?page_id=3#breadcrumb"},"inLanguage":"fr-FR","potentialAction":[{"@type":"ReadAction","target":["https:\/\/collecte-btp.fr\/?page_id=3"]}]},{"@type":"BreadcrumbList","@id":"https:\/\/collecte-btp.fr\/?page_id=3#breadcrumb","itemListElement":[{"@type":"ListItem","position":1,"name":"Accueil","item":"https:\/\/collecte-btp.fr\/"},{"@type":"ListItem","position":2,"name":"Politique de confidentialit\u00e9"}]},{"@type":"WebSite","@id":"https:\/\/collecte-btp.fr\/#website","url":"https:\/\/collecte-btp.fr\/","name":"COLLECTE BTP","description":"COLLECTE, plateforme de regroupement et de tri de d\u00e9chets du BTP","publisher":{"@id":"https:\/\/collecte-btp.fr\/#organization"},"potentialAction":[{"@type":"SearchAction","target":{"@type":"EntryPoint","urlTemplate":"https:\/\/collecte-btp.fr\/?s={search_term_string}"},"query-input":{"@type":"PropertyValueSpecification","valueRequired":true,"valueName":"search_term_string"}}],"inLanguage":"fr-FR"},{"@type":"Organization","@id":"https:\/\/collecte-btp.fr\/#organization","name":"COLLECTE BTP","url":"https:\/\/collecte-btp.fr\/","logo":{"@type":"ImageObject","inLanguage":"fr-FR","@id":"https:\/\/collecte-btp.fr\/#\/schema\/logo\/image\/","url":"https:\/\/collecte-btp.fr\/wp-content\/uploads\/2024\/06\/cropped-BIG-BAG-1M3-A4-paysage-3-2.png","contentUrl":"https:\/\/collecte-btp.fr\/wp-content\/uploads\/2024\/06\/cropped-BIG-BAG-1M3-A4-paysage-3-2.png","width":1414,"height":99,"caption":"COLLECTE BTP"},"image":{"@id":"https:\/\/collecte-btp.fr\/#\/schema\/logo\/image\/"}}]}},"_links":{"self":[{"href":"https:\/\/collecte-btp.fr\/index.php?rest_route=\/wp\/v2\/pages\/3","targetHints":{"allow":["GET"]}}],"collection":[{"href":"https:\/\/collecte-btp.fr\/index.php?rest_route=\/wp\/v2\/pages"}],"about":[{"href":"https:\/\/collecte-btp.fr\/index.php?rest_route=\/wp\/v2\/types\/page"}],"author":[{"embeddable":true,"href":"https:\/\/collecte-btp.fr\/index.php?rest_route=\/wp\/v2\/users\/1"}],"replies":[{"embeddable":true,"href":"https:\/\/collecte-btp.fr\/index.php?rest_route=%2Fwp%2Fv2%2Fcomments&post=3"}],"version-history":[{"count":1,"href":"https:\/\/collecte-btp.fr\/index.php?rest_route=\/wp\/v2\/pages\/3\/revisions"}],"predecessor-version":[{"id":381,"href":"https:\/\/collecte-btp.fr\/index.php?rest_route=\/wp\/v2\/pages\/3\/revisions\/381"}],"wp:attachment":[{"href":"https:\/\/collecte-btp.fr\/index.php?rest_route=%2Fwp%2Fv2%2Fmedia&parent=3"}],"curies":[{"name":"wp","href":"https:\/\/api.w.org\/{rel}","templated":true}]}}