{"id":8,"date":"2024-06-10T15:24:58","date_gmt":"2024-06-10T13:24:58","guid":{"rendered":"https:\/\/collecte-btp.fr\/?page_id=8"},"modified":"2024-07-25T11:31:58","modified_gmt":"2024-07-25T09:31:58","slug":"accueil","status":"publish","type":"page","link":"https:\/\/collecte-btp.fr\/","title":{"rendered":"Accueil"},"content":{"rendered":"<div id=\"pl-8\"  class=\"panel-layout\" ><div id=\"pg-8-0\"  class=\"panel-grid panel-no-style\" ><div id=\"pgc-8-0-0\"  class=\"panel-grid-cell\" ><div id=\"panel-8-0-0-0\" class=\"so-panel widget widget_siteorigin-panels-builder panel-first-child panel-last-child\" data-index=\"0\" ><div class=\"panel-widget-style panel-widget-style-for-8-0-0-0\" ><div id=\"pl-w66a21b8ed9a1d\"  class=\"panel-layout\" ><div id=\"pg-w66a21b8ed9a1d-0\"  class=\"panel-grid panel-has-style\" ><div class=\"panel-row-style panel-row-style-for-w66a21b8ed9a1d-0\" ><div id=\"pgc-w66a21b8ed9a1d-0-0\"  class=\"panel-grid-cell\" ><div id=\"panel-w66a21b8ed9a1d-0-0-0\" class=\"so-panel widget widget_black-studio-tinymce widget_black_studio_tinymce panel-first-child panel-last-child\" data-index=\"0\" ><div class=\"textwidget\"><div class=\"nk-awb \"  style=\" padding-top: 750px; padding-bottom: 0px; padding-left: 0px; padding-right: 0px; margin-top: 0px; margin-bottom: 0px; margin-left: 0px; margin-right: 0px;\">\n\n&nbsp;\n\n<div class=\"nk-awb-wrap\" data-awb-type=\"video\" data-awb-stretch=\"true\" data-awb-image-background-size=\"cover\" data-awb-image-background-position=\"50% 50%\" data-awb-video=\"mp4:https:\/\/collecte-btp.fr\/wp-content\/uploads\/2024\/06\/copy_7BDD4F7D-CDF4-4B85-95BC-8B39B795ED9B.mp4\" data-awb-video-start-time=\"0\" data-awb-video-end-time=\"0\" data-awb-video-volume=\"0\" data-awb-video-mobile=\"true\"><div  class=\"nk-awb-inner\"><\/div><\/div><\/div>\n\n&nbsp;\n\n&nbsp;<\/div><\/div><\/div><\/div><\/div><div id=\"pg-w66a21b8ed9a1d-1\"  class=\"panel-grid panel-has-style\" ><div class=\"panel-row-style panel-row-style-for-w66a21b8ed9a1d-1\" ><div id=\"pgc-w66a21b8ed9a1d-1-0\"  class=\"panel-grid-cell\" ><div id=\"panel-w66a21b8ed9a1d-1-0-0\" class=\"so-panel widget widget_siteorigin-panels-builder panel-first-child panel-last-child\" data-index=\"1\" ><div id=\"pl-w6697ca658f6be\"  class=\"panel-layout\" ><div id=\"pg-w6697ca658f6be-0\"  class=\"panel-grid panel-no-style\" ><div id=\"pgc-w6697ca658f6be-0-0\"  class=\"panel-grid-cell\" ><div id=\"panel-w6697ca658f6be-0-0-0\" class=\"so-panel widget widget_sow-headline panel-first-child panel-last-child\" data-index=\"0\" ><div\n\t\t\t\n\t\t\tclass=\"so-widget-sow-headline so-widget-sow-headline-default-44b568fd227c\"\n\t\t\t\n\t\t><div class=\"sow-headline-container \">\n\t\t\t\t\t\t\t<h2 class=\"sow-headline\">\n\t\t\t\t\t\tNOS SERVICES\t\t\t\t\t\t<\/h2>\n\t\t\t\t\t\t\t\t\t\t\t<div class=\"decoration\">\n\t\t\t\t\t\t<div class=\"decoration-inside\"><\/div>\n\t\t\t\t\t<\/div>\n\t\t\t\t\t<\/div>\n<\/div><\/div><\/div><\/div><div id=\"pg-w6697ca658f6be-1\"  class=\"panel-grid panel-no-style\" ><div id=\"pgc-w6697ca658f6be-1-0\"  class=\"panel-grid-cell\" ><div id=\"panel-w6697ca658f6be-1-0-0\" class=\"so-panel widget widget_sow-image panel-first-child panel-last-child\" data-index=\"1\" ><div\n\t\t\t\n\t\t\tclass=\"so-widget-sow-image so-widget-sow-image-default-113ccd71f3e6\"\n\t\t\t\n\t\t>\n<div class=\"sow-image-container\">\n\t\t<img \n\tsrc=\"https:\/\/collecte-btp.fr\/wp-content\/uploads\/2024\/06\/BIG-BAG-1M3-A4-paysage-5-2.png\" width=\"2000\" height=\"926\" srcset=\"https:\/\/collecte-btp.fr\/wp-content\/uploads\/2024\/06\/BIG-BAG-1M3-A4-paysage-5-2.png 2000w, https:\/\/collecte-btp.fr\/wp-content\/uploads\/2024\/06\/BIG-BAG-1M3-A4-paysage-5-2-300x139.png 300w, https:\/\/collecte-btp.fr\/wp-content\/uploads\/2024\/06\/BIG-BAG-1M3-A4-paysage-5-2-1024x474.png 1024w, https:\/\/collecte-btp.fr\/wp-content\/uploads\/2024\/06\/BIG-BAG-1M3-A4-paysage-5-2-768x356.png 768w, https:\/\/collecte-btp.fr\/wp-content\/uploads\/2024\/06\/BIG-BAG-1M3-A4-paysage-5-2-1536x711.png 1536w\" sizes=\"(max-width: 2000px) 100vw, 2000px\" title=\"BIG BAG 1M3 (A4 (paysage)) (5)\" alt=\"\" \t\tclass=\"so-widget-image\"\/>\n\t<\/div>\n\n<\/div><\/div><\/div><\/div><\/div><\/div><\/div><\/div><\/div><div id=\"pg-w66a21b8ed9a1d-2\"  class=\"panel-grid panel-no-style\" ><div id=\"pgc-w66a21b8ed9a1d-2-0\"  class=\"panel-grid-cell\" ><\/div><\/div><div id=\"pg-w66a21b8ed9a1d-3\"  class=\"panel-grid panel-no-style\" ><div id=\"pgc-w66a21b8ed9a1d-3-0\"  class=\"panel-grid-cell\" ><div id=\"panel-w66a21b8ed9a1d-3-0-0\" class=\"so-panel widget widget_media_image panel-first-child panel-last-child\" data-index=\"3\" ><img loading=\"lazy\" decoding=\"async\" width=\"440\" height=\"379\" src=\"https:\/\/collecte-btp.fr\/wp-content\/uploads\/2024\/06\/Design-sans-titre-32.png\" class=\"image wp-image-207  attachment-440x379 size-440x379\" alt=\"\" style=\"max-width: 100%; height: auto;\" srcset=\"https:\/\/collecte-btp.fr\/wp-content\/uploads\/2024\/06\/Design-sans-titre-32.png 545w, https:\/\/collecte-btp.fr\/wp-content\/uploads\/2024\/06\/Design-sans-titre-32-300x258.png 300w\" sizes=\"auto, (max-width: 440px) 100vw, 440px\" \/><\/div><\/div><div id=\"pgc-w66a21b8ed9a1d-3-1\"  class=\"panel-grid-cell\" ><div id=\"panel-w66a21b8ed9a1d-3-1-0\" class=\"so-panel widget widget_sow-headline panel-first-child\" data-index=\"4\" ><div\n\t\t\t\n\t\t\tclass=\"so-widget-sow-headline so-widget-sow-headline-default-db17426648f9\"\n\t\t\t\n\t\t><div class=\"sow-headline-container \">\n\t\t\t\t\t\t\t<h2 class=\"sow-headline\">\n\t\t\t\t\t\tNOS PLATEFORMES\t\t\t\t\t\t<\/h2>\n\t\t\t\t\t\t\t\t\t\t\t<div class=\"decoration\">\n\t\t\t\t\t\t<div class=\"decoration-inside\"><\/div>\n\t\t\t\t\t<\/div>\n\t\t\t\t\t<\/div>\n<\/div><\/div><div id=\"panel-w66a21b8ed9a1d-3-1-1\" class=\"so-panel widget widget_sow-editor\" data-index=\"5\" ><div\n\t\t\t\n\t\t\tclass=\"so-widget-sow-editor so-widget-sow-editor-base\"\n\t\t\t\n\t\t>\n<div class=\"siteorigin-widget-tinymce textwidget\">\n\t<div id=\"panel-w667051e864178-3-1-0\" class=\"so-panel widget widget_sow-headline panel-first-child\" data-index=\"4\">\n<div class=\"so-widget-sow-headline so-widget-sow-headline-default-610cf3e8b0e4\">\n<div class=\"sow-headline-container \">\n<p class=\"sow-sub-headline\" style=\"text-align: left;\">Nos plateformes couvrent l'ensemble de la r\u00e9gion \u00cele-de-France. Ce maillage nous permet de r\u00e9duire l'empreinte carbone de nos activit\u00e9s tout en offrant un service rapide et de proximit\u00e9.<br \/>\n<span class=\"OYPEnA font-feature-liga-off font-feature-clig-off font-feature-calt-off text-decoration-none text-strikethrough-none\">COLLECTE intervient \u00e9galement partout en France sur demande sp\u00e9cifique.<\/span><\/p>\n<\/div>\n<\/div>\n<\/div>\n<\/div>\n<\/div><\/div><div id=\"panel-w66a21b8ed9a1d-3-1-2\" class=\"so-panel widget widget_media_image panel-last-child\" data-index=\"6\" ><img loading=\"lazy\" decoding=\"async\" width=\"500\" height=\"110\" src=\"https:\/\/collecte-btp.fr\/wp-content\/uploads\/2024\/06\/BIG-BAG-1M3-A4-paysage-2-3.png\" class=\"image wp-image-258  attachment-500x110 size-500x110\" alt=\"\" style=\"max-width: 100%; height: auto;\" srcset=\"https:\/\/collecte-btp.fr\/wp-content\/uploads\/2024\/06\/BIG-BAG-1M3-A4-paysage-2-3.png 661w, https:\/\/collecte-btp.fr\/wp-content\/uploads\/2024\/06\/BIG-BAG-1M3-A4-paysage-2-3-300x66.png 300w\" sizes=\"auto, (max-width: 500px) 100vw, 500px\" \/><\/div><\/div><\/div><div id=\"pg-w66a21b8ed9a1d-4\"  class=\"panel-grid panel-has-style\" ><div id=\"home-metiers\" class=\"panel-row-style panel-row-style-for-w66a21b8ed9a1d-4\" ><div id=\"pgc-w66a21b8ed9a1d-4-0\"  class=\"panel-grid-cell\" ><div id=\"panel-w66a21b8ed9a1d-4-0-0\" class=\"so-panel widget widget_siteorigin-panels-builder panel-first-child panel-last-child\" data-index=\"7\" ><div id=\"pl-w66a21b5c7dcd6\"  class=\"panel-layout\" ><div id=\"pg-w66a21b5c7dcd6-0\"  class=\"panel-grid panel-has-style\" ><div class=\"panel-row-style panel-row-style-for-w66a21b5c7dcd6-0\" ><div id=\"pgc-w66a21b5c7dcd6-0-0\"  class=\"panel-grid-cell\" ><div id=\"panel-w66a21b5c7dcd6-0-0-0\" class=\"so-panel widget widget_sow-headline panel-first-child panel-last-child\" data-index=\"0\" ><div\n\t\t\t\n\t\t\tclass=\"so-widget-sow-headline so-widget-sow-headline-default-2a1bf68eb74a\"\n\t\t\t\n\t\t><div class=\"sow-headline-container \">\n\t\t\t\t\t\t\t<h2 class=\"sow-headline\">\n\t\t\t\t\t\tNOS OBJECTIFS\t\t\t\t\t\t<\/h2>\n\t\t\t\t\t\t\t\t\t\t\t<div class=\"decoration\">\n\t\t\t\t\t\t<div class=\"decoration-inside\"><\/div>\n\t\t\t\t\t<\/div>\n\t\t\t\t\t<\/div>\n<\/div><\/div><\/div><\/div><\/div><div id=\"pg-w66a21b5c7dcd6-1\"  class=\"panel-grid panel-has-style\" ><div class=\"siteorigin-panels-stretch panel-row-style panel-row-style-for-w66a21b5c7dcd6-1\" data-stretch-type=\"full\" ><div id=\"pgc-w66a21b5c7dcd6-1-0\"  class=\"panel-grid-cell\" ><div id=\"panel-w66a21b5c7dcd6-1-0-0\" class=\"so-panel widget widget_sow-features panel-first-child\" data-index=\"1\" ><div\n\t\t\t\n\t\t\tclass=\"so-widget-sow-features so-widget-sow-features-default-c823805aa7b9\"\n\t\t\t\n\t\t><ul\n\tclass=\"sow-features-list\n\tsow-features-responsive\">\n\n\t\t\t<li\n\t\t\tclass=\"sow-features-feature sow-icon-container-position-top\"\n\t\t\tstyle=\"display: flex; flex-direction: column; width: calc(33.333% - 25px);\"\n\t\t>\n\t\t\t\n\t\t\t\t\t\t<div\t\t\t\tclass=\"sow-icon-container sow-container-none\"\n\t\t\t\tstyle=\"color: #404040; \"\n\t\t\t\t\n\t\t\t\t\t\t\t>\n\t\t\t\t\t\t\t\t\t\t<div class=\"sow-icon-image\" style=\"background-image: url(https:\/\/collecte-btp.fr\/wp-content\/uploads\/BIG-BAG-1M3-A4-paysage-13.png); font-size: 25px\"><\/div>\n\t\t\t\t\t\t\t\t\t<\/div>\n\n\t\t\t<div class=\"textwidget\">\n\t\t\t\t\n\t\t\t\t\n\t\t\t\t\t\t\t<\/div>\n\t\t\t\t\t\t\t\t<\/li>\n\n\t<\/ul>\n<\/div><\/div><div id=\"panel-w66a21b5c7dcd6-1-0-1\" class=\"so-panel widget widget_sow-editor panel-last-child\" data-index=\"2\" ><div\n\t\t\t\n\t\t\tclass=\"so-widget-sow-editor so-widget-sow-editor-base\"\n\t\t\t\n\t\t>\n<div class=\"siteorigin-widget-tinymce textwidget\">\n\t<p style=\"text-align: center; color: #ffffff;\">Lutter contre l\u2019enfouissement des<br \/>\nd\u00e9chets en assurant une seconde<br \/>\nvie aux mat\u00e9riaux recyclables<\/p>\n<p>&nbsp;<\/p>\n<\/div>\n<\/div><\/div><\/div><div id=\"pgc-w66a21b5c7dcd6-1-1\"  class=\"panel-grid-cell\" ><div id=\"panel-w66a21b5c7dcd6-1-1-0\" class=\"so-panel widget widget_sow-features panel-first-child\" data-index=\"3\" ><div\n\t\t\t\n\t\t\tclass=\"so-widget-sow-features so-widget-sow-features-default-da52a8576d3f\"\n\t\t\t\n\t\t><ul\n\tclass=\"sow-features-list\n\tsow-features-responsive\">\n\n\t\t\t<li\n\t\t\tclass=\"sow-features-feature sow-icon-container-position-top\"\n\t\t\tstyle=\"display: flex; flex-direction: column; width: calc(33.333% - 25px);\"\n\t\t>\n\t\t\t\n\t\t\t\t\t\t<div\t\t\t\tclass=\"sow-icon-container sow-container-none\"\n\t\t\t\tstyle=\"color: #404040; \"\n\t\t\t\t\n\t\t\t\t\t\t\t>\n\t\t\t\t\t\t\t\t\t\t<div class=\"sow-icon-image\" style=\"background-image: url(https:\/\/collecte-btp.fr\/wp-content\/uploads\/BIG-BAG-1M3-A4-paysage-14.png); font-size: 24px\"><\/div>\n\t\t\t\t\t\t\t\t\t<\/div>\n\n\t\t\t<div class=\"textwidget\">\n\t\t\t\t\n\t\t\t\t\n\t\t\t\t\t\t\t<\/div>\n\t\t\t\t\t\t\t\t<\/li>\n\n\t<\/ul>\n<\/div><\/div><div id=\"panel-w66a21b5c7dcd6-1-1-1\" class=\"so-panel widget widget_sow-editor panel-last-child\" data-index=\"4\" ><div\n\t\t\t\n\t\t\tclass=\"so-widget-sow-editor so-widget-sow-editor-base\"\n\t\t\t\n\t\t>\n<div class=\"siteorigin-widget-tinymce textwidget\">\n\t<p style=\"text-align: center; color: #ffffff;\">Contribuer \u00e0 l'objectif national de<br \/>\nvalorisation des d\u00e9chets issus<br \/>\ndu secteur du b\u00e2timent<\/p>\n<\/div>\n<\/div><\/div><\/div><div id=\"pgc-w66a21b5c7dcd6-1-2\"  class=\"panel-grid-cell\" ><div id=\"panel-w66a21b5c7dcd6-1-2-0\" class=\"so-panel widget widget_sow-features panel-first-child\" data-index=\"5\" ><div\n\t\t\t\n\t\t\tclass=\"so-widget-sow-features so-widget-sow-features-default-054cb6476f66\"\n\t\t\t\n\t\t><ul\n\tclass=\"sow-features-list\n\tsow-features-responsive\">\n\n\t\t\t<li\n\t\t\tclass=\"sow-features-feature sow-icon-container-position-top\"\n\t\t\tstyle=\"display: flex; flex-direction: column; width: calc(33.333% - 25px);\"\n\t\t>\n\t\t\t\n\t\t\t\t\t\t<div\t\t\t\tclass=\"sow-icon-container sow-container-none\"\n\t\t\t\tstyle=\"color: #404040; \"\n\t\t\t\t\n\t\t\t\t\t\t\t>\n\t\t\t\t\t\t\t\t\t\t<div class=\"sow-icon-image\" style=\"background-image: url(https:\/\/collecte-btp.fr\/wp-content\/uploads\/BIG-BAG-1M3-A4-paysage-12.png); font-size: 24px\"><\/div>\n\t\t\t\t\t\t\t\t\t<\/div>\n\n\t\t\t<div class=\"textwidget\">\n\t\t\t\t\n\t\t\t\t\n\t\t\t\t\t\t\t<\/div>\n\t\t\t\t\t\t\t\t<\/li>\n\n\t<\/ul>\n<\/div><\/div><div id=\"panel-w66a21b5c7dcd6-1-2-1\" class=\"so-panel widget widget_sow-editor panel-last-child\" data-index=\"6\" ><div\n\t\t\t\n\t\t\tclass=\"so-widget-sow-editor so-widget-sow-editor-base\"\n\t\t\t\n\t\t>\n<div class=\"siteorigin-widget-tinymce textwidget\">\n\t<p style=\"text-align: center; color: #ffffff;\">\u00catre un acteur actif de la cha\u00eene<br \/>\nde valeur de l'\u00e9conomie circulaire<br \/>\ndans le secteur du BTP.<\/p>\n<\/div>\n<\/div><\/div><\/div><\/div><\/div><\/div><\/div><\/div><\/div><\/div><div id=\"pg-w66a21b8ed9a1d-5\"  class=\"panel-grid panel-no-style\" ><div id=\"pgc-w66a21b8ed9a1d-5-0\"  class=\"panel-grid-cell\" ><div id=\"panel-w66a21b8ed9a1d-5-0-0\" class=\"so-panel widget widget_sow-features panel-first-child panel-last-child\" data-index=\"8\" ><div\n\t\t\t\n\t\t\tclass=\"so-widget-sow-features so-widget-sow-features-default-9e47774f2f38\"\n\t\t\t\n\t\t><ul\n\tclass=\"sow-features-list\n\tsow-features-responsive\">\n\n\t\t\t<li\n\t\t\tclass=\"sow-features-feature sow-icon-container-position-top\"\n\t\t\tstyle=\"display: flex; flex-direction: column; width: calc(100% - 25px);\"\n\t\t>\n\t\t\t\n\t\t\t\t\t\t<div\t\t\t\tclass=\"sow-icon-container sow-container-none\"\n\t\t\t\tstyle=\"color: #ffffff; \"\n\t\t\t\t\n\t\t\t\t\t\t\t>\n\t\t\t\t\t\t\t\t\t\t<div class=\"sow-icon-image\" style=\"background-image: url(https:\/\/collecte-btp.fr\/wp-content\/uploads\/2024\/06\/Design-sans-titre-9.png); font-size: 50px\"><\/div>\n\t\t\t\t\t\t\t\t\t<\/div>\n\n\t\t\t<div class=\"textwidget\">\n\t\t\t\t\n\t\t\t\t\t\t\t\t\t<h5 class=\"sow-features-feature-title\">\n\t\t\t\t\t\tR\u00c9ACTIVIT\u00c9\t\t\t\t\t<\/h5>\n\t\t\t\t\n\t\t\t\t\t\t\t\t\t<div class=\"sow-features-feature-text\">\n\t\t\t\t\t<p style=\"text-align: center\">Intervention en 2H en Ile-de-France<br \/>\npour le d\u00e9p\u00f4t\/ la collecte de big bag et bennes gr\u00e2ce \u00e0 3 plateformes qui maillent le territoire.<\/p>\n\t\t\t\t\t<\/div>\n\t\t\t\t\t\t\t\t<\/div>\n\t\t\t\t\t\t\t\t<\/li>\n\n\t<\/ul>\n<\/div><\/div><\/div><div id=\"pgc-w66a21b8ed9a1d-5-1\"  class=\"panel-grid-cell\" ><div id=\"panel-w66a21b8ed9a1d-5-1-0\" class=\"so-panel widget widget_sow-features panel-first-child panel-last-child\" data-index=\"9\" ><div\n\t\t\t\n\t\t\tclass=\"so-widget-sow-features so-widget-sow-features-default-9e47774f2f38\"\n\t\t\t\n\t\t><ul\n\tclass=\"sow-features-list\n\tsow-features-responsive\">\n\n\t\t\t<li\n\t\t\tclass=\"sow-features-feature sow-icon-container-position-top\"\n\t\t\tstyle=\"display: flex; flex-direction: column; width: calc(100% - 25px);\"\n\t\t>\n\t\t\t\n\t\t\t\t\t\t<div\t\t\t\tclass=\"sow-icon-container sow-container-none\"\n\t\t\t\tstyle=\"color: #ffffff; \"\n\t\t\t\t\n\t\t\t\t\t\t\t>\n\t\t\t\t\t\t\t\t\t\t<div class=\"sow-icon-image\" style=\"background-image: url(https:\/\/collecte-btp.fr\/wp-content\/uploads\/2024\/06\/Design-sans-titre-11.png); font-size: 50px\"><\/div>\n\t\t\t\t\t\t\t\t\t<\/div>\n\n\t\t\t<div class=\"textwidget\">\n\t\t\t\t\n\t\t\t\t\t\t\t\t\t<h5 class=\"sow-features-feature-title\">\n\t\t\t\t\t\tSAVOIR-FAIRE\t\t\t\t\t<\/h5>\n\t\t\t\t\n\t\t\t\t\t\t\t\t\t<div class=\"sow-features-feature-text\">\n\t\t\t\t\t<div style=\"text-align: center\">Equip\u00e9 de cribles, concasseurs et\u00a0de tables de tri, COLLECTE assure\u00a0une valorisation optimale des d\u00e9chets.<\/div>\n<div><\/div>\n\t\t\t\t\t<\/div>\n\t\t\t\t\t\t\t\t<\/div>\n\t\t\t\t\t\t\t\t<\/li>\n\n\t<\/ul>\n<\/div><\/div><\/div><div id=\"pgc-w66a21b8ed9a1d-5-2\"  class=\"panel-grid-cell\" ><div id=\"panel-w66a21b8ed9a1d-5-2-0\" class=\"so-panel widget widget_sow-features panel-first-child panel-last-child\" data-index=\"10\" ><div\n\t\t\t\n\t\t\tclass=\"so-widget-sow-features so-widget-sow-features-default-9e47774f2f38\"\n\t\t\t\n\t\t><ul\n\tclass=\"sow-features-list\n\tsow-features-responsive\">\n\n\t\t\t<li\n\t\t\tclass=\"sow-features-feature sow-icon-container-position-top\"\n\t\t\tstyle=\"display: flex; flex-direction: column; width: calc(100% - 25px);\"\n\t\t>\n\t\t\t\n\t\t\t\t\t\t<div\t\t\t\tclass=\"sow-icon-container sow-container-none\"\n\t\t\t\tstyle=\"color: #ffffff; \"\n\t\t\t\t\n\t\t\t\t\t\t\t>\n\t\t\t\t\t\t\t\t\t\t<div class=\"sow-icon-image\" style=\"background-image: url(https:\/\/collecte-btp.fr\/wp-content\/uploads\/2024\/06\/Design-sans-titre-12.png); font-size: 50px\"><\/div>\n\t\t\t\t\t\t\t\t\t<\/div>\n\n\t\t\t<div class=\"textwidget\">\n\t\t\t\t\n\t\t\t\t\t\t\t\t\t<h5 class=\"sow-features-feature-title\">\n\t\t\t\t\t\tAUTONOMIE\t\t\t\t\t<\/h5>\n\t\t\t\t\n\t\t\t\t\t\t\t\t\t<div class=\"sow-features-feature-text\">\n\t\t\t\t\t<div>\n<div style=\"text-align: center\">Notre parc mat\u00e9riel engin, camion et mat\u00e9riel\u00a0sp\u00e9cifiques est d\u00e9tenu en propre et nous permet\u00a0d'assurer toutes les typologies de service.<\/div>\n<\/div>\n\t\t\t\t\t<\/div>\n\t\t\t\t\t\t\t\t<\/div>\n\t\t\t\t\t\t\t\t<\/li>\n\n\t\t\t<li\n\t\t\tclass=\"sow-features-feature sow-icon-container-position-top\"\n\t\t\tstyle=\"display: flex; flex-direction: column; width: calc(100% - 25px);\"\n\t\t>\n\t\t\t\n\t\t\t\t\t\t<div\t\t\t\tclass=\"sow-icon-container sow-container-none\"\n\t\t\t\tstyle=\"color: #404040; \"\n\t\t\t\t\n\t\t\t\t\t\t\t>\n\t\t\t\t\t\t\t<\/div>\n\n\t\t\t<div class=\"textwidget\">\n\t\t\t\t\n\t\t\t\t\n\t\t\t\t\t\t\t<\/div>\n\t\t\t\t\t\t\t\t<\/li>\n\n\t<\/ul>\n<\/div><\/div><\/div><\/div><div id=\"pg-w66a21b8ed9a1d-6\"  class=\"panel-grid panel-no-style\" ><div id=\"pgc-w66a21b8ed9a1d-6-0\"  class=\"panel-grid-cell panel-grid-cell-empty\" ><\/div><\/div><\/div><\/div><\/div><\/div><\/div><\/div>","protected":false},"excerpt":{"rendered":"<p>&nbsp; &nbsp; &nbsp; NOS SERVICES NOS PLATEFORMES Nos plateformes couvrent l&rsquo;ensemble de la r\u00e9gion \u00cele-de-France. Ce maillage nous permet de r\u00e9duire l&#8217;empreinte carbone de nos activit\u00e9s tout en offrant un service rapide et de proximit\u00e9. COLLECTE intervient \u00e9galement partout en France sur demande sp\u00e9cifique. NOS OBJECTIFS Lutter contre l\u2019enfouissement des d\u00e9chets en assurant une seconde [&hellip;]<\/p>\n","protected":false},"author":1,"featured_media":0,"parent":0,"menu_order":0,"comment_status":"closed","ping_status":"closed","template":"","meta":{"_joinchat":[],"footnotes":""},"class_list":["post-8","page","type-page","status-publish","hentry","post"],"yoast_head":"<!-- This site is optimized with the Yoast SEO plugin v26.9 - https:\/\/yoast.com\/product\/yoast-seo-wordpress\/ -->\n<title>Accueil - COLLECTE BTP<\/title>\n<meta name=\"robots\" content=\"index, follow, max-snippet:-1, max-image-preview:large, max-video-preview:-1\" \/>\n<link rel=\"canonical\" href=\"https:\/\/collecte-btp.fr\/\" \/>\n<meta property=\"og:locale\" content=\"fr_FR\" \/>\n<meta property=\"og:type\" content=\"article\" \/>\n<meta property=\"og:title\" content=\"Accueil - COLLECTE BTP\" \/>\n<meta property=\"og:description\" content=\"&nbsp; &nbsp; &nbsp; NOS SERVICES NOS PLATEFORMES Nos plateformes couvrent l&#039;ensemble de la r\u00e9gion \u00cele-de-France. Ce maillage nous permet de r\u00e9duire l&#039;empreinte carbone de nos activit\u00e9s tout en offrant un service rapide et de proximit\u00e9. COLLECTE intervient \u00e9galement partout en France sur demande sp\u00e9cifique. NOS OBJECTIFS Lutter contre l\u2019enfouissement des d\u00e9chets en assurant une seconde [&hellip;]\" \/>\n<meta property=\"og:url\" content=\"https:\/\/collecte-btp.fr\/\" \/>\n<meta property=\"og:site_name\" content=\"COLLECTE BTP\" \/>\n<meta property=\"article:modified_time\" content=\"2024-07-25T09:31:58+00:00\" \/>\n<meta name=\"twitter:card\" content=\"summary_large_image\" \/>\n<meta name=\"twitter:label1\" content=\"Dur\u00e9e de lecture estim\u00e9e\" \/>\n\t<meta name=\"twitter:data1\" content=\"5 minutes\" \/>\n<script type=\"application\/ld+json\" class=\"yoast-schema-graph\">{\"@context\":\"https:\/\/schema.org\",\"@graph\":[{\"@type\":\"WebPage\",\"@id\":\"https:\/\/collecte-btp.fr\/\",\"url\":\"https:\/\/collecte-btp.fr\/\",\"name\":\"Accueil - COLLECTE BTP\",\"isPartOf\":{\"@id\":\"https:\/\/collecte-btp.fr\/#website\"},\"datePublished\":\"2024-06-10T13:24:58+00:00\",\"dateModified\":\"2024-07-25T09:31:58+00:00\",\"breadcrumb\":{\"@id\":\"https:\/\/collecte-btp.fr\/#breadcrumb\"},\"inLanguage\":\"fr-FR\",\"potentialAction\":[{\"@type\":\"ReadAction\",\"target\":[\"https:\/\/collecte-btp.fr\/\"]}]},{\"@type\":\"BreadcrumbList\",\"@id\":\"https:\/\/collecte-btp.fr\/#breadcrumb\",\"itemListElement\":[{\"@type\":\"ListItem\",\"position\":1,\"name\":\"Accueil\",\"item\":\"https:\/\/collecte-btp.fr\/\"},{\"@type\":\"ListItem\",\"position\":2,\"name\":\"Accueil\"}]},{\"@type\":\"WebSite\",\"@id\":\"https:\/\/collecte-btp.fr\/#website\",\"url\":\"https:\/\/collecte-btp.fr\/\",\"name\":\"COLLECTE BTP\",\"description\":\"COLLECTE, plateforme de regroupement et de tri de d\u00e9chets du BTP\",\"publisher\":{\"@id\":\"https:\/\/collecte-btp.fr\/#organization\"},\"potentialAction\":[{\"@type\":\"SearchAction\",\"target\":{\"@type\":\"EntryPoint\",\"urlTemplate\":\"https:\/\/collecte-btp.fr\/?s={search_term_string}\"},\"query-input\":{\"@type\":\"PropertyValueSpecification\",\"valueRequired\":true,\"valueName\":\"search_term_string\"}}],\"inLanguage\":\"fr-FR\"},{\"@type\":\"Organization\",\"@id\":\"https:\/\/collecte-btp.fr\/#organization\",\"name\":\"COLLECTE BTP\",\"url\":\"https:\/\/collecte-btp.fr\/\",\"logo\":{\"@type\":\"ImageObject\",\"inLanguage\":\"fr-FR\",\"@id\":\"https:\/\/collecte-btp.fr\/#\/schema\/logo\/image\/\",\"url\":\"https:\/\/collecte-btp.fr\/wp-content\/uploads\/2024\/06\/cropped-BIG-BAG-1M3-A4-paysage-3-2.png\",\"contentUrl\":\"https:\/\/collecte-btp.fr\/wp-content\/uploads\/2024\/06\/cropped-BIG-BAG-1M3-A4-paysage-3-2.png\",\"width\":1414,\"height\":99,\"caption\":\"COLLECTE BTP\"},\"image\":{\"@id\":\"https:\/\/collecte-btp.fr\/#\/schema\/logo\/image\/\"}}]}<\/script>\n<!-- \/ Yoast SEO plugin. -->","yoast_head_json":{"title":"Accueil - COLLECTE BTP","robots":{"index":"index","follow":"follow","max-snippet":"max-snippet:-1","max-image-preview":"max-image-preview:large","max-video-preview":"max-video-preview:-1"},"canonical":"https:\/\/collecte-btp.fr\/","og_locale":"fr_FR","og_type":"article","og_title":"Accueil - COLLECTE BTP","og_description":"&nbsp; &nbsp; &nbsp; NOS SERVICES NOS PLATEFORMES Nos plateformes couvrent l'ensemble de la r\u00e9gion \u00cele-de-France. Ce maillage nous permet de r\u00e9duire l'empreinte carbone de nos activit\u00e9s tout en offrant un service rapide et de proximit\u00e9. COLLECTE intervient \u00e9galement partout en France sur demande sp\u00e9cifique. NOS OBJECTIFS Lutter contre l\u2019enfouissement des d\u00e9chets en assurant une seconde [&hellip;]","og_url":"https:\/\/collecte-btp.fr\/","og_site_name":"COLLECTE BTP","article_modified_time":"2024-07-25T09:31:58+00:00","twitter_card":"summary_large_image","twitter_misc":{"Dur\u00e9e de lecture estim\u00e9e":"5 minutes"},"schema":{"@context":"https:\/\/schema.org","@graph":[{"@type":"WebPage","@id":"https:\/\/collecte-btp.fr\/","url":"https:\/\/collecte-btp.fr\/","name":"Accueil - COLLECTE BTP","isPartOf":{"@id":"https:\/\/collecte-btp.fr\/#website"},"datePublished":"2024-06-10T13:24:58+00:00","dateModified":"2024-07-25T09:31:58+00:00","breadcrumb":{"@id":"https:\/\/collecte-btp.fr\/#breadcrumb"},"inLanguage":"fr-FR","potentialAction":[{"@type":"ReadAction","target":["https:\/\/collecte-btp.fr\/"]}]},{"@type":"BreadcrumbList","@id":"https:\/\/collecte-btp.fr\/#breadcrumb","itemListElement":[{"@type":"ListItem","position":1,"name":"Accueil","item":"https:\/\/collecte-btp.fr\/"},{"@type":"ListItem","position":2,"name":"Accueil"}]},{"@type":"WebSite","@id":"https:\/\/collecte-btp.fr\/#website","url":"https:\/\/collecte-btp.fr\/","name":"COLLECTE BTP","description":"COLLECTE, plateforme de regroupement et de tri de d\u00e9chets du BTP","publisher":{"@id":"https:\/\/collecte-btp.fr\/#organization"},"potentialAction":[{"@type":"SearchAction","target":{"@type":"EntryPoint","urlTemplate":"https:\/\/collecte-btp.fr\/?s={search_term_string}"},"query-input":{"@type":"PropertyValueSpecification","valueRequired":true,"valueName":"search_term_string"}}],"inLanguage":"fr-FR"},{"@type":"Organization","@id":"https:\/\/collecte-btp.fr\/#organization","name":"COLLECTE BTP","url":"https:\/\/collecte-btp.fr\/","logo":{"@type":"ImageObject","inLanguage":"fr-FR","@id":"https:\/\/collecte-btp.fr\/#\/schema\/logo\/image\/","url":"https:\/\/collecte-btp.fr\/wp-content\/uploads\/2024\/06\/cropped-BIG-BAG-1M3-A4-paysage-3-2.png","contentUrl":"https:\/\/collecte-btp.fr\/wp-content\/uploads\/2024\/06\/cropped-BIG-BAG-1M3-A4-paysage-3-2.png","width":1414,"height":99,"caption":"COLLECTE BTP"},"image":{"@id":"https:\/\/collecte-btp.fr\/#\/schema\/logo\/image\/"}}]}},"_links":{"self":[{"href":"https:\/\/collecte-btp.fr\/index.php?rest_route=\/wp\/v2\/pages\/8","targetHints":{"allow":["GET"]}}],"collection":[{"href":"https:\/\/collecte-btp.fr\/index.php?rest_route=\/wp\/v2\/pages"}],"about":[{"href":"https:\/\/collecte-btp.fr\/index.php?rest_route=\/wp\/v2\/types\/page"}],"author":[{"embeddable":true,"href":"https:\/\/collecte-btp.fr\/index.php?rest_route=\/wp\/v2\/users\/1"}],"replies":[{"embeddable":true,"href":"https:\/\/collecte-btp.fr\/index.php?rest_route=%2Fwp%2Fv2%2Fcomments&post=8"}],"version-history":[{"count":97,"href":"https:\/\/collecte-btp.fr\/index.php?rest_route=\/wp\/v2\/pages\/8\/revisions"}],"predecessor-version":[{"id":443,"href":"https:\/\/collecte-btp.fr\/index.php?rest_route=\/wp\/v2\/pages\/8\/revisions\/443"}],"wp:attachment":[{"href":"https:\/\/collecte-btp.fr\/index.php?rest_route=%2Fwp%2Fv2%2Fmedia&parent=8"}],"curies":[{"name":"wp","href":"https:\/\/api.w.org\/{rel}","templated":true}]}}